{"id":1123,"date":"2022-11-18T11:45:32","date_gmt":"2022-11-18T11:45:32","guid":{"rendered":"https:\/\/verveine.es\/inicio\/"},"modified":"2026-02-25T14:40:35","modified_gmt":"2026-02-25T14:40:35","slug":"inicio","status":"publish","type":"page","link":"https:\/\/verveine.es\/fr\/","title":{"rendered":"Inicio"},"content":{"rendered":"\t\t<div data-elementor-type=\"wp-page\" data-elementor-id=\"1123\" class=\"elementor elementor-1123 elementor-66\" data-elementor-post-type=\"page\">\n\t\t\t\t\t\t<section class=\"elementor-section elementor-top-section elementor-element elementor-element-6fdab32 elementor-section-full_width elementor-section-height-default elementor-section-height-default\" data-id=\"6fdab32\" data-element_type=\"section\" data-e-type=\"section\" data-settings=\"{&quot;jet_parallax_layout_list&quot;:[]}\">\n\t\t\t\t\t\t<div class=\"elementor-container elementor-column-gap-default\">\n\t\t\t\t\t<div class=\"elementor-column elementor-col-100 elementor-top-column elementor-element elementor-element-0687582\" data-id=\"0687582\" data-element_type=\"column\" data-e-type=\"column\">\n\t\t\t<div class=\"elementor-widget-wrap elementor-element-populated\">\n\t\t\t\t\t\t<div class=\"elementor-element elementor-element-0d9daa1 elementor-widget elementor-widget-html\" data-id=\"0d9daa1\" data-element_type=\"widget\" data-e-type=\"widget\" data-widget_type=\"html.default\">\n\t\t\t\t<div class=\"elementor-widget-container\">\n\t\t\t\t\t<div class=\"slider\">\r\n    <div class=\"slide\"><img decoding=\"async\" src=\"https:\/\/verveine.es\/wp-content\/uploads\/2025\/05\/08.jpg\" \/><\/div>\r\n    <div class=\"slide\"><img decoding=\"async\" src=\"https:\/\/verveine.es\/wp-content\/uploads\/2025\/05\/09.jpg\" \/><\/div>\r\n    <div class=\"slide\"><img decoding=\"async\" src=\"https:\/\/verveine.es\/wp-content\/uploads\/2025\/05\/10.jpg\" \/><\/div>\r\n    <div class=\"slide active\"><img decoding=\"async\" src=\"https:\/\/verveine.es\/wp-content\/uploads\/2025\/05\/01.jpg\" \/><\/div>\r\n    <div class=\"slide\"><img decoding=\"async\" src=\"https:\/\/verveine.es\/wp-content\/uploads\/2025\/05\/02.jpg\" \/><\/div>\r\n    <div class=\"slide\"><img decoding=\"async\" src=\"https:\/\/verveine.es\/wp-content\/uploads\/2025\/05\/03.jpg\" \/><\/div>\r\n    <div class=\"slide\"><img decoding=\"async\" src=\"https:\/\/verveine.es\/wp-content\/uploads\/2025\/05\/04.jpg\" \/><\/div>\r\n    <div class=\"slide\"><img decoding=\"async\" src=\"https:\/\/verveine.es\/wp-content\/uploads\/2025\/05\/05.jpg\" \/><\/div>\r\n    <div class=\"slide\"><img decoding=\"async\" src=\"https:\/\/verveine.es\/wp-content\/uploads\/2025\/05\/06.jpg\" \/><\/div>\r\n    <div class=\"slide\"><img decoding=\"async\" src=\"https:\/\/verveine.es\/wp-content\/uploads\/2025\/05\/07.jpg\" \/><\/div>\r\n  <\/div>\r\n  \r\n  \r\n  <script>\r\n    jQuery(document).ready(function ($) {\r\n      const $slides = $('.slider .slide');\r\n      let currentIndex = 0;\r\n\r\n      setInterval(function () {\r\n        \/\/ Quitar clase activa del actual\r\n        $slides.eq(currentIndex).removeClass('active');\r\n\r\n        \/\/ Calcular siguiente \u00edndice\r\n        currentIndex = (currentIndex + 1) % $slides.length;\r\n\r\n        \/\/ Activar el siguiente\r\n        $slides.eq(currentIndex).addClass('active');\r\n      }, 4000); \/\/ cada 4 segundos\r\n    });\r\n  <\/script>\t\t\t\t<\/div>\n\t\t\t\t<\/div>\n\t\t\t\t<section class=\"elementor-section elementor-inner-section elementor-element elementor-element-2af88aa elementor-section-full_width elementor-section-height-default elementor-section-height-default\" data-id=\"2af88aa\" data-element_type=\"section\" data-e-type=\"section\" id=\"contenido\" data-settings=\"{&quot;jet_parallax_layout_list&quot;:[]}\">\n\t\t\t\t\t\t<div class=\"elementor-container elementor-column-gap-default\">\n\t\t\t\t\t<div class=\"elementor-column elementor-col-100 elementor-inner-column elementor-element elementor-element-eb90bb6\" data-id=\"eb90bb6\" data-element_type=\"column\" data-e-type=\"column\">\n\t\t\t<div class=\"elementor-widget-wrap elementor-element-populated\">\n\t\t\t\t\t\t<div class=\"elementor-element elementor-element-1e654e2 elementor-widget elementor-widget-html\" data-id=\"1e654e2\" data-element_type=\"widget\" data-e-type=\"widget\" data-widget_type=\"html.default\">\n\t\t\t\t<div class=\"elementor-widget-container\">\n\t\t\t\t\t<div class=\"animation-wrapper\">\r\n  <img decoding=\"async\" id=\"plano\" class=\"plano\" src=\"https:\/\/verveine.es\/wp-content\/uploads\/2025\/10\/plano-nuevo-scaled.png\" alt=\"Plano\">\r\n  \r\n  <svg class=\"row-start-1 col-start-1 w-[80vw]\" viewBox=\"0 0 4963 1351\">\r\n                            <g clip-path=\"url(#_clip1)\">\r\n                                <path id=\"path1\" class=\"path1\" d=\"M41.54,802.359C142.518,829.038 239.278,852.343 342.381,828.853C369.743,822.618 386.55,784.551 404.937,768.993C438.277,740.78 467.292,726.8 510.492,719.725C566.085,710.621 618.231,751.715 673.477,736.768C730.951,721.218 741.857,653.964 793.877,631.17C810.735,623.783 842.208,627.12 859.318,629.942C920.503,640.034 981.67,666.311 1043.17,658.36C1087.22,652.666 1116.43,613.346 1161.33,610.406C1253.45,604.373 1331.29,667.866 1423.56,662.512C1494.79,658.378 1554.73,618.161 1621.25,598.245C1695.76,575.94 1767.69,590.726 1843.25,583.649C1914.93,576.937 1911.03,563.822 1982.18,543.757C2005.08,537.297 2043.66,540.388 2065.93,530.025C2098.84,514.702 2090.78,441.363 2134.41,445.866C2196.24,452.249 2256.52,470.979 2318.51,475.586C2378.37,480.034 2436.03,465.528 2495.65,473.064C2544.29,479.212 2595.15,494.961 2644.62,495.779C2689.27,496.517 2731.82,455.094 2775.63,493.412C2816.79,529.403 2777.3,590.84 2773.38,631.212C2767.16,695.298 2814.11,750.578 2799.55,815.934C2793.76,841.922 2737.39,943.061 2794.19,964.583C2844.17,983.524 2886.5,955.788 2934.81,944.945C2964.01,938.39 2991.82,955.326 3020.78,950.795C3062.03,944.342 3068.22,902.675 3098.04,880.807C3137.6,851.792 3142.41,861.633 3176.78,840.182C3216.16,815.613 3233.9,761.484 3281.63,749.905C3324.73,739.451 3371.15,759.889 3402.78,788.289C3416.89,800.962 3436.05,834.251 3461.69,828.283C3485.22,822.805 3504.15,803.678 3527.73,798.375C3557.7,791.633 3589.2,793.228 3619.07,786.062C3644.66,779.925 3663.87,754.39 3691.32,753.472C3730.55,752.161 3758.85,777.967 3794.3,790.183C3813.98,796.968 3834.47,801.573 3855.07,804.601C3897.45,810.829 3991.41,772.405 4048.2,810.108C4137.9,869.659 4279.57,829.739 4329.36,803.852\" style=\"fill: none; fill-rule: nonzero; stroke: black; stroke-width: 8.46px; animation-play-state: running;\"><\/path>\r\n                                <path id=\"path2\" class=\"path2\" d=\"M599.179,521.861C605.97,547.286 617.324,564.752 624.944,574.711C656.707,616.168 701.069,627.824 716.158,631.559C740.263,637.519 761.089,637.837 771.686,636.199C791.879,633.077 802.523,625.901 820.344,626.711C834.117,627.336 845.972,628.138 853.441,629.043\" style=\"fill: none; fill-rule: nonzero; stroke: black; stroke-width: 7.54px; animation-play-state: running;\"><\/path>\r\n                            <\/g>\r\n                        <\/svg>\r\n\r\n  <img decoding=\"async\" id=\"stamp\" class=\"stamp\" src=\"https:\/\/verveine.es\/wp-content\/uploads\/2025\/05\/sello-scaled.webp\" alt=\"Sello\">\r\n<\/div>\r\n\r\n<div id=\"texto-final\">Nous concevons et construisons des espaces organiques\r\n<br>r\u00e9pondant \u00e0 l'architecture, \u00e0 l'environnement et aux personnes<\/div>\t\t\t\t<\/div>\n\t\t\t\t<\/div>\n\t\t\t\t<div class=\"elementor-element elementor-element-ba33eff elementor-widget elementor-widget-html\" data-id=\"ba33eff\" data-element_type=\"widget\" data-e-type=\"widget\" data-widget_type=\"html.default\">\n\t\t\t\t<div class=\"elementor-widget-container\">\n\t\t\t\t\t<script>\r\n  jQuery(document).ready(function ($) {\r\n      \/\/ Paso 1: mostrar el sello despu\u00e9s del trazo (3s + 1s delay)\r\n      setTimeout(function () {\r\n        $('#stamp').css('opacity', 1);\r\n      }, 4000);\r\n\r\n      \/\/ Paso 2: tras 2s con el sello visible (total 6s), ocultar plano y mostrar texto\r\n      setTimeout(function () {\r\n        $('#plano').css('opacity', 0);\r\n        $('#texto-final').css('opacity', 1);\r\n      }, 6000);\r\n\r\n      \/\/ Paso 3: tras 5s m\u00e1s (total 11s), ocultar todo y mostrar slider\r\n      setTimeout(function () {\r\n        $('.animation-wrapper, #texto-final').fadeOut(1000, function () {\r\n          $('.slider').fadeIn(1000);\r\n           $('#contenido').css('padding', \"0px\");\r\n        });\r\n      }, 11000);\r\n    });\r\n<\/script>\t\t\t\t<\/div>\n\t\t\t\t<\/div>\n\t\t\t\t\t<\/div>\n\t\t<\/div>\n\t\t\t\t\t<\/div>\n\t\t<\/section>\n\t\t\t\t\t<\/div>\n\t\t<\/div>\n\t\t\t\t\t<\/div>\n\t\t<\/section>\n\t\t\t\t<\/div>\n\t\t","protected":false},"excerpt":{"rendered":"<p>Nous concevons et construisons des espaces organiques r\u00e9pondant \u00e0 l&rsquo;architecture, \u00e0 l&rsquo;environnement et aux personnes<\/p>\n","protected":false},"author":1,"featured_media":0,"parent":0,"menu_order":0,"comment_status":"closed","ping_status":"closed","template":"","meta":{"footnotes":""},"class_list":["post-1123","page","type-page","status-publish","hentry"],"yoast_head":"<!-- This site is optimized with the Yoast SEO plugin v27.1.1 - https:\/\/yoast.com\/product\/yoast-seo-wordpress\/ -->\n<title>VERVEINE LANDSCAPE ARCHITECTURE<\/title>\n<meta name=\"description\" content=\"VERVEINE LANDSCAPE ARCHITECTURE est un studio barcelonais sp\u00e9cialis\u00e9 en architecture paysag\u00e8re. Il r\u00e9alise des projets paysagers de petite et grande envergure.\" \/>\n<meta name=\"robots\" content=\"index, follow, max-snippet:-1, max-image-preview:large, max-video-preview:-1\" \/>\n<link rel=\"canonical\" href=\"https:\/\/verveine.es\/fr\/\" \/>\n<meta property=\"og:locale\" content=\"fr_FR\" \/>\n<meta property=\"og:type\" content=\"article\" \/>\n<meta property=\"og:title\" content=\"VERVEINE LANDSCAPE ARCHITECTURE\" \/>\n<meta property=\"og:description\" content=\"VERVEINE LANDSCAPE ARCHITECTURE est un studio barcelonais sp\u00e9cialis\u00e9 en architecture paysag\u00e8re. Il r\u00e9alise des projets paysagers de petite et grande envergure.\" \/>\n<meta property=\"og:url\" content=\"https:\/\/verveine.es\/fr\/\" \/>\n<meta property=\"og:site_name\" content=\"Verveine Atelier\" \/>\n<meta property=\"article:modified_time\" content=\"2026-02-25T14:40:35+00:00\" \/>\n<meta property=\"og:image\" content=\"https:\/\/verveine.es\/wp-content\/uploads\/2025\/05\/08.jpg\" \/>\n<meta name=\"twitter:card\" content=\"summary_large_image\" \/>\n<script type=\"application\/ld+json\" class=\"yoast-schema-graph\">{\"@context\":\"https:\/\/schema.org\",\"@graph\":[{\"@type\":\"WebPage\",\"@id\":\"https:\/\/verveine.es\/fr\/\",\"url\":\"https:\/\/verveine.es\/fr\/\",\"name\":\"VERVEINE LANDSCAPE ARCHITECTURE\",\"isPartOf\":{\"@id\":\"https:\/\/verveine.es\/fr\/#website\"},\"primaryImageOfPage\":{\"@id\":\"https:\/\/verveine.es\/fr\/#primaryimage\"},\"image\":{\"@id\":\"https:\/\/verveine.es\/fr\/#primaryimage\"},\"thumbnailUrl\":\"https:\/\/verveine.es\/wp-content\/uploads\/2025\/05\/08.jpg\",\"datePublished\":\"2022-11-18T11:45:32+00:00\",\"dateModified\":\"2026-02-25T14:40:35+00:00\",\"description\":\"VERVEINE LANDSCAPE ARCHITECTURE est un studio barcelonais sp\u00e9cialis\u00e9 en architecture paysag\u00e8re. Il r\u00e9alise des projets paysagers de petite et grande envergure.\",\"breadcrumb\":{\"@id\":\"https:\/\/verveine.es\/fr\/#breadcrumb\"},\"inLanguage\":\"fr-FR\",\"potentialAction\":[{\"@type\":\"ReadAction\",\"target\":[\"https:\/\/verveine.es\/fr\/\"]}]},{\"@type\":\"ImageObject\",\"inLanguage\":\"fr-FR\",\"@id\":\"https:\/\/verveine.es\/fr\/#primaryimage\",\"url\":\"https:\/\/verveine.es\/wp-content\/uploads\/2025\/05\/08.jpg\",\"contentUrl\":\"https:\/\/verveine.es\/wp-content\/uploads\/2025\/05\/08.jpg\"},{\"@type\":\"BreadcrumbList\",\"@id\":\"https:\/\/verveine.es\/fr\/#breadcrumb\",\"itemListElement\":[{\"@type\":\"ListItem\",\"position\":1,\"name\":\"Portada\",\"item\":\"https:\/\/verveine.es\/fr\/\"},{\"@type\":\"ListItem\",\"position\":2,\"name\":\"Inicio\"}]},{\"@type\":\"WebSite\",\"@id\":\"https:\/\/verveine.es\/fr\/#website\",\"url\":\"https:\/\/verveine.es\/fr\/\",\"name\":\"Verveine Atelier\",\"description\":\"\",\"publisher\":{\"@id\":\"https:\/\/verveine.es\/fr\/#organization\"},\"potentialAction\":[{\"@type\":\"SearchAction\",\"target\":{\"@type\":\"EntryPoint\",\"urlTemplate\":\"https:\/\/verveine.es\/fr\/?s={search_term_string}\"},\"query-input\":{\"@type\":\"PropertyValueSpecification\",\"valueRequired\":true,\"valueName\":\"search_term_string\"}}],\"inLanguage\":\"fr-FR\"},{\"@type\":\"Organization\",\"@id\":\"https:\/\/verveine.es\/fr\/#organization\",\"name\":\"Verveine Atelier\",\"url\":\"https:\/\/verveine.es\/fr\/\",\"logo\":{\"@type\":\"ImageObject\",\"inLanguage\":\"fr-FR\",\"@id\":\"https:\/\/verveine.es\/fr\/#\/schema\/logo\/image\/\",\"url\":\"https:\/\/verveine.es\/wp-content\/uploads\/2025\/05\/logo_veveine.svg\",\"contentUrl\":\"https:\/\/verveine.es\/wp-content\/uploads\/2025\/05\/logo_veveine.svg\",\"width\":1972,\"height\":425,\"caption\":\"Verveine Atelier\"},\"image\":{\"@id\":\"https:\/\/verveine.es\/fr\/#\/schema\/logo\/image\/\"}}]}<\/script>\n<!-- \/ Yoast SEO plugin. -->","yoast_head_json":{"title":"VERVEINE LANDSCAPE ARCHITECTURE","description":"VERVEINE LANDSCAPE ARCHITECTURE est un studio barcelonais sp\u00e9cialis\u00e9 en architecture paysag\u00e8re. Il r\u00e9alise des projets paysagers de petite et grande envergure.","robots":{"index":"index","follow":"follow","max-snippet":"max-snippet:-1","max-image-preview":"max-image-preview:large","max-video-preview":"max-video-preview:-1"},"canonical":"https:\/\/verveine.es\/fr\/","og_locale":"fr_FR","og_type":"article","og_title":"VERVEINE LANDSCAPE ARCHITECTURE","og_description":"VERVEINE LANDSCAPE ARCHITECTURE est un studio barcelonais sp\u00e9cialis\u00e9 en architecture paysag\u00e8re. Il r\u00e9alise des projets paysagers de petite et grande envergure.","og_url":"https:\/\/verveine.es\/fr\/","og_site_name":"Verveine Atelier","article_modified_time":"2026-02-25T14:40:35+00:00","og_image":[{"url":"https:\/\/verveine.es\/wp-content\/uploads\/2025\/05\/08.jpg","type":"","width":"","height":""}],"twitter_card":"summary_large_image","schema":{"@context":"https:\/\/schema.org","@graph":[{"@type":"WebPage","@id":"https:\/\/verveine.es\/fr\/","url":"https:\/\/verveine.es\/fr\/","name":"VERVEINE LANDSCAPE ARCHITECTURE","isPartOf":{"@id":"https:\/\/verveine.es\/fr\/#website"},"primaryImageOfPage":{"@id":"https:\/\/verveine.es\/fr\/#primaryimage"},"image":{"@id":"https:\/\/verveine.es\/fr\/#primaryimage"},"thumbnailUrl":"https:\/\/verveine.es\/wp-content\/uploads\/2025\/05\/08.jpg","datePublished":"2022-11-18T11:45:32+00:00","dateModified":"2026-02-25T14:40:35+00:00","description":"VERVEINE LANDSCAPE ARCHITECTURE est un studio barcelonais sp\u00e9cialis\u00e9 en architecture paysag\u00e8re. Il r\u00e9alise des projets paysagers de petite et grande envergure.","breadcrumb":{"@id":"https:\/\/verveine.es\/fr\/#breadcrumb"},"inLanguage":"fr-FR","potentialAction":[{"@type":"ReadAction","target":["https:\/\/verveine.es\/fr\/"]}]},{"@type":"ImageObject","inLanguage":"fr-FR","@id":"https:\/\/verveine.es\/fr\/#primaryimage","url":"https:\/\/verveine.es\/wp-content\/uploads\/2025\/05\/08.jpg","contentUrl":"https:\/\/verveine.es\/wp-content\/uploads\/2025\/05\/08.jpg"},{"@type":"BreadcrumbList","@id":"https:\/\/verveine.es\/fr\/#breadcrumb","itemListElement":[{"@type":"ListItem","position":1,"name":"Portada","item":"https:\/\/verveine.es\/fr\/"},{"@type":"ListItem","position":2,"name":"Inicio"}]},{"@type":"WebSite","@id":"https:\/\/verveine.es\/fr\/#website","url":"https:\/\/verveine.es\/fr\/","name":"Verveine Atelier","description":"","publisher":{"@id":"https:\/\/verveine.es\/fr\/#organization"},"potentialAction":[{"@type":"SearchAction","target":{"@type":"EntryPoint","urlTemplate":"https:\/\/verveine.es\/fr\/?s={search_term_string}"},"query-input":{"@type":"PropertyValueSpecification","valueRequired":true,"valueName":"search_term_string"}}],"inLanguage":"fr-FR"},{"@type":"Organization","@id":"https:\/\/verveine.es\/fr\/#organization","name":"Verveine Atelier","url":"https:\/\/verveine.es\/fr\/","logo":{"@type":"ImageObject","inLanguage":"fr-FR","@id":"https:\/\/verveine.es\/fr\/#\/schema\/logo\/image\/","url":"https:\/\/verveine.es\/wp-content\/uploads\/2025\/05\/logo_veveine.svg","contentUrl":"https:\/\/verveine.es\/wp-content\/uploads\/2025\/05\/logo_veveine.svg","width":1972,"height":425,"caption":"Verveine Atelier"},"image":{"@id":"https:\/\/verveine.es\/fr\/#\/schema\/logo\/image\/"}}]}},"_links":{"self":[{"href":"https:\/\/verveine.es\/fr\/wp-json\/wp\/v2\/pages\/1123","targetHints":{"allow":["GET"]}}],"collection":[{"href":"https:\/\/verveine.es\/fr\/wp-json\/wp\/v2\/pages"}],"about":[{"href":"https:\/\/verveine.es\/fr\/wp-json\/wp\/v2\/types\/page"}],"author":[{"embeddable":true,"href":"https:\/\/verveine.es\/fr\/wp-json\/wp\/v2\/users\/1"}],"replies":[{"embeddable":true,"href":"https:\/\/verveine.es\/fr\/wp-json\/wp\/v2\/comments?post=1123"}],"version-history":[{"count":6,"href":"https:\/\/verveine.es\/fr\/wp-json\/wp\/v2\/pages\/1123\/revisions"}],"predecessor-version":[{"id":3538,"href":"https:\/\/verveine.es\/fr\/wp-json\/wp\/v2\/pages\/1123\/revisions\/3538"}],"wp:attachment":[{"href":"https:\/\/verveine.es\/fr\/wp-json\/wp\/v2\/media?parent=1123"}],"curies":[{"name":"wp","href":"https:\/\/api.w.org\/{rel}","templated":true}]}}